{"id":581,"date":"2022-12-01T07:47:57","date_gmt":"2022-12-01T07:47:57","guid":{"rendered":"http:\/\/cerramientosjurado.com\/?page_id=581"},"modified":"2022-12-01T08:37:41","modified_gmt":"2022-12-01T08:37:41","slug":"aviso-legal","status":"publish","type":"page","link":"http:\/\/cerramientosjurado.com\/?page_id=581","title":{"rendered":"AVISO LEGAL"},"content":{"rendered":"\n<p style=\"text-align: center;\"><span style=\"color: #ff6600;\"><strong>AVISO LEGAL<\/strong><\/span><\/p>\n<p>CERRAMIENTOS JURADO SL, S.L. provisto con CIF- B-53156840, direcci\u00f3n en POLIGONO PLA DE<br \/>LA VALLONGA, C\/ METEORITO, 46 03006 Alicante, no puede asumir ninguna responsabilidad derivada del uso incorrecto, inapropiado o il\u00edcito de la informaci\u00f3n aparecida en nuestra p\u00e1gina de internet www.cerramientos jurado.com<br \/>El acceso y\/o uso del Sitio web www.cerramientosjurado.com atribuye la condici\u00f3n de USUARIO, que acepta, desde dicho acceso y\/o uso, las Condiciones Generales de Uso aqu\u00ed reflejadas. Las citadas Condiciones ser\u00e1n de aplicaci\u00f3n independientemente de las<br \/>Condiciones Particulares que, en su caso, rijan la utilizaci\u00f3n del Sitio web o de los servicios vinculados al mismo. La prestaci\u00f3n del servicio del sitio web tiene car\u00e1cter gratuito.\u00a0<\/p>\n<p><br \/>La p\u00e1gina de Internet www.cerramientosjurado.com puede contener enlaces ( links) a otras p\u00e1ginas de terceras partes que no puede controlar. Por lo tanto, CERRAMIENTOS JURADO, S.L. no puede asumir responsabilidades por el contenido que pueda aparecer en p\u00e1ginas de terceros. Los textos, im\u00e1genes, sonidos, animaciones, software y el resto de contenidos incluidos en este website son propiedad exclusiva de www.cerramientosjurado.com o de sus licenciantes CERRAMIENTOS JURADO, S.L.. Cualquier acto de transmisi\u00f3n, distribuci\u00f3n, cesi\u00f3n, reproducci\u00f3n, almacenamiento o comunicaci\u00f3n p\u00fablica total o parcial, debe contar con el consentimiento expreso de CERRAMIENTOS JURADO, S.L.<br \/>Asimismo, para acceder a algunos de los servicios que www.cerramientosjurado.com ofrece a trav\u00e9s del website podr\u00eda tener que proporcionar algunos datos de car\u00e1cter personal. En cumplimiento de los establecido en el Reglamento (UE) 2016\/679 del Parlamento europeo y del Consejo, de 27 de abril de 2016, relativo a la protecci\u00f3n de las personas f\u00edsicas en lo que respecta<br \/>al tratamiento de datos personales y a la libre circulaci\u00f3n de estos datos le informamos que mediante la cumplimentaci\u00f3n de los presentes formularios , sus datos personales quedar\u00e1n incorporados y ser\u00e1n tratados en los ficheros de con el fin de poderle prestar y ofrecer nuestros servicios as\u00ed como para informarle de las mejoras del sitio web.<br \/>Le informamos de la posibilidad de que ejerza los derechos de acceso, rectificaci\u00f3n, oposici\u00f3n, portabilidad, cancelaci\u00f3n y oposici\u00f3n de sus datos de car\u00e1cter personal, mediante email a:<br \/><strong>info@cerramientosjurado.com<\/strong><\/p>\n","protected":false},"excerpt":{"rendered":"<p>AVISO LEGAL CERRAMIENTOS JURADO SL, S.L. provisto con CIF- B-53156840, direcci\u00f3n en POLIGONO PLA DELA VALLONGA, C\/ METEORITO, 46 03006 Alicante, no puede asumir ninguna responsabilidad derivada del uso incorrecto, inapropiado o il\u00edcito de la informaci\u00f3n aparecida en nuestra p\u00e1gina de internet www.cerramientos jurado.comEl acceso y\/o uso del Sitio web www.cerramientosjurado.com atribuye la condici\u00f3n de [&hellip;]<\/p>\n","protected":false},"author":1,"featured_media":0,"parent":0,"menu_order":0,"comment_status":"closed","ping_status":"closed","template":"","meta":{"footnotes":""},"class_list":["post-581","page","type-page","status-publish","czr-hentry"],"_links":{"self":[{"href":"http:\/\/cerramientosjurado.com\/index.php?rest_route=\/wp\/v2\/pages\/581"}],"collection":[{"href":"http:\/\/cerramientosjurado.com\/index.php?rest_route=\/wp\/v2\/pages"}],"about":[{"href":"http:\/\/cerramientosjurado.com\/index.php?rest_route=\/wp\/v2\/types\/page"}],"author":[{"embeddable":true,"href":"http:\/\/cerramientosjurado.com\/index.php?rest_route=\/wp\/v2\/users\/1"}],"replies":[{"embeddable":true,"href":"http:\/\/cerramientosjurado.com\/index.php?rest_route=%2Fwp%2Fv2%2Fcomments&post=581"}],"version-history":[{"count":3,"href":"http:\/\/cerramientosjurado.com\/index.php?rest_route=\/wp\/v2\/pages\/581\/revisions"}],"predecessor-version":[{"id":594,"href":"http:\/\/cerramientosjurado.com\/index.php?rest_route=\/wp\/v2\/pages\/581\/revisions\/594"}],"wp:attachment":[{"href":"http:\/\/cerramientosjurado.com\/index.php?rest_route=%2Fwp%2Fv2%2Fmedia&parent=581"}],"curies":[{"name":"wp","href":"https:\/\/api.w.org\/{rel}","templated":true}]}}