{"id":565,"date":"2022-11-30T16:20:32","date_gmt":"2022-11-30T16:20:32","guid":{"rendered":"http:\/\/cerramientosjurado.com\/?page_id=565"},"modified":"2022-12-01T08:48:18","modified_gmt":"2022-12-01T08:48:18","slug":"politica-de-cookies","status":"publish","type":"page","link":"http:\/\/cerramientosjurado.com\/?page_id=565","title":{"rendered":"POL\u00cdTICA DE COOKIES"},"content":{"rendered":"\n\n\n<p style=\"text-align: center;\"><span style=\"color: #ff6600;\"><strong>POL\u00cdTICA DE COOKIES<\/strong><\/span><\/p>\n<p><br \/>Utilizamos cookies con el objetivo de prestar un mejor servicio y proporcionarte una mejor experiencia en tu navegaci\u00f3n. Queremos informarte de manera clara y precisa sobre las cookies que utilizamos, detallando a continuaci\u00f3n, qu\u00e9 es una cookie, para qu\u00e9 sirve, qu\u00e9 tipos de cookies utilizamos, cu\u00e1les son su finalidad y c\u00f3mo puedes configurarlas o deshabilitarlas si as\u00ed lo<br \/>desea.<\/p>\n<p style=\"text-align: left;\"><br \/><span style=\"color: #ff6600;\"><strong>\u00bfQU\u00c9 ES UN COOKIE Y PARA QU\u00c9 SIRVE?<\/strong><\/span><\/p>\n<p>Una \u00abCookie\u00bb es un peque\u00f1o archivo que se almacena en el ordenador del usuario, tablet, smartphone o cualquier otro dispositivo con informaci\u00f3n sobre la navegaci\u00f3n. El conjunto de \u00abcookies\u00bb de todos nuestros usuarios nos ayuda a mejorar la calidad de nuestra web, permiti\u00e9ndonos controlar que\u0301 p\u00e1ginas son \u00fatiles, cuales no y cuales son susceptibles de mejora.<br \/>Las cookies son esenciales para el funcionamiento de internet, aportando innumerables ventajas en la prestaci\u00f3n de servicios interactivos, facilit\u00e1ndote la navegaci\u00f3n y usabilidad de nuestra web. En ning\u00fan caso las cookies podr\u00edan da\u00f1artu equipo. Por contra, el que est\u00e9n activas nos ayuda a identificar y resolver los errores.<\/p>\n<p style=\"text-align: left;\"><br \/><strong><span style=\"color: #ff6600;\">INFORMACI\u00d3N QUE ALMACENA UN COOKIE<\/span><\/strong><\/p>\n<p style=\"text-align: left;\">Las cookies no suelen almacenar informaci\u00f3n sensible sobre usted, como tarjetas de cr\u00e9dito o datos bancarios, fotograf\u00edas, su DNI o informaci\u00f3n personal, etc. Los datos que guardan son de car\u00e1cter t\u00e9cnico, preferencias personales, personalizaci\u00f3n de contenidos, etc.\u00a0<br \/>El servidor web no le asocia a usted como persona si no a su navegador web. De hecho, si usted navega habitualmente con Internet Explorer y prueba a navegar por la misma web con Firefox o Chrome ver\u00e1 que la web no se da cuenta que es usted la misma persona porque en realidad est\u00e1 asociando al navegador, no a la persona.\u00a0<\/p>\n<p>\u00a0<\/p>\n<p>Tipos de cookies<span style=\"text-decoration: underline;\"> seg\u00fan la entidad que las gestione<\/span>, seg\u00fan quien sea la entidad que gestione el equipo o dominio desde donde se env\u00edan las cookies y trate los datos que se obtengan, podemos distinguir:<br \/>\u2013 <em>Cookies propias<\/em>: Son aqu\u00e9llas que se env\u00edan al equipo terminal del usuario desde un equipo o dominio gestionado por el propio editor y desde el que se presta el servicio solicitado por el usuario.<br \/>\u2013 <em>Cookies de tercero:<\/em> Son aqu\u00e9llas que se env\u00edan al equipo terminal del usuario desde un equipo o dominio que no es gestionado por el editor, sino por otra entidad que trata los datos obtenidos trav\u00e9s de las cookies.<\/p>\n<p style=\"text-align: left;\">En el caso de que las cookies sean instaladas desde un equipo o dominio gestionado por el propio editor pero la informaci\u00f3n que se recoja mediante \u00e9stas sea gestionada por un tercero, no pueden ser consideradas como cookies propias.<\/p>\n<p>\u00a0<\/p>\n<p style=\"text-align: left;\">Tipos de cookies<span style=\"text-decoration: underline;\"> seg\u00fan el plazo de tiempo que permanecen activadas<\/span>, seg\u00fan el plazo de tiempo que permanecen activadas en el equipo terminal podemos distinguir:<br \/>\u2013 <em>Cookies de sesi\u00f3n<\/em>: Son un tipo de cookies dise\u00f1adas para recabar y almacenar datos mientras el usuario accede a una p\u00e1gina web. Se suelen emplear para almacenar informaci\u00f3n que solo interesa conservar para la prestaci\u00f3n del servicio solicitado por el usuario en una sola ocasi\u00f3n (p.e. una lista de productos adquiridos).<br \/>\u2013 Cookies persistentes: Son un tipo de cookies en el que los datos siguen almacenados en el terminal y pueden ser accedidos y tratados durante un periodo definido por el responsable de la cookie, y que puede ir de unos minutos a varios a\u00f1os.<\/p>\n<p>\u00a0<\/p>\n<p style=\"text-align: left;\">Tipos de cookies <span style=\"text-decoration: underline;\">seg\u00fan su finalidad,<\/span> seg\u00fan la finalidad para la que se traten los datos obtenidos a trav\u00e9s de las cookies, podemos<br \/>distinguir entre:<br \/>\u2013 <em>Cookies t\u00e9cnicas<\/em>: Son aqu\u00e9llas que permiten al usuario la navegaci\u00f3n a trav\u00e9s de una p\u00e1gina web, plataforma o aplicaci\u00f3n y la utilizaci\u00f3n de las diferentes opciones o servicios que en ella existan como, por ejemplo, controlar el tr\u00e1fico y la comunicaci\u00f3n de datos, identificar la sesi\u00f3n, acceder a partes de acceso restringido, recordar los elementos que integran un pedido, realizar el proceso de compra de un pedido, realizar la solicitud de inscripci\u00f3n o participaci\u00f3n en un evento, utilizar elementos de seguridad durante la navegaci\u00f3n, almacenar contenidos para la difusi\u00f3n de videos o sonido o compartir contenidos a trav\u00e9s de redes sociales.<br \/>\u2013 <em>Cookies de personalizaci\u00f3n<\/em>: Son aqu\u00e9llas que permiten al usuario acceder al servicio con algunas caracter\u00edsticas de car\u00e1cter general predefinidas en funci\u00f3n de una serie de criterios en el terminal del usuario como por ejemplo serian el idioma, el tipo de navegador a trav\u00e9s del cual accede al servicio, la configuraci\u00f3n regional desde donde accede al servicio, etc.<br \/>\u2013 <em>Cookies de an\u00e1lisis:<\/em> Son aqu\u00e9llas que permiten al responsable de las mismas, el seguimiento y an\u00e1lisis del comportamiento de los usuarios de los sitios web a los que est\u00e1n vinculadas. La informaci\u00f3n recogida mediante este tipo de cookies se utiliza en la medici\u00f3n de la actividad de los sitios web, aplicaci\u00f3n o plataforma y para la elaboraci\u00f3n de perfiles de navegaci\u00f3n de los<br \/>usuarios de dichos sitios, aplicaciones y plataformas, con el fin de introducir mejoras en funci\u00f3n del an\u00e1lisis de los datos de uso que hacen los usuarios del servicio.<br \/>\u2013 <em>Cookies publicitarias<\/em>: Son aqu\u00e9llas que permiten la gesti\u00f3n, de la forma m\u00e1s eficaz posible, de los espacios publicitarios que, en su caso, el editor haya incluido en una p\u00e1gina web, aplicaci\u00f3n o plataforma desde la que presta el servicio solicitado en base a criterios como el contenido editado o la frecuencia en la que se muestran los anuncios.<br \/>\u2013 <em>Cookies de publicidad comportamental:<\/em> Son aqu\u00e9llas que permiten la gesti\u00f3n, de la forma m\u00e1s eficaz posible, de los espacios publicitarios que, en su caso, el editor haya incluido en una p\u00e1gina web, aplicaci\u00f3n o plataforma desde la que presta el servicio solicitado. Estas cookies almacenan informaci\u00f3n del comportamiento de los usuarios obtenida a trav\u00e9s de la observaci\u00f3n continuada de sus h\u00e1bitos de navegaci\u00f3n, lo que permite desarrollar un perfil espec\u00edfico para mostrar publicidad en funci\u00f3n del mismo.<\/p>\n<p style=\"text-align: left;\"><br \/><span style=\"color: #ff6600;\"><strong>DESACTIVACI\u00d3N DE COOKIES<\/strong><\/span><\/p>\n<p style=\"text-align: left;\">La desactivaci\u00f3n tiene consecuencias como:<br \/>\u2022 No podr\u00e1 compartir contenidos de esa web en Facebook, Twitter o cualquier otra red social.<br \/>\u2022 El sitio web no podr\u00e1 adaptar los contenidos a sus preferencias personales, como suele ocurrir en las tiendas online.<br \/>\u2022 No podr\u00e1 acceder al \u00e1rea personal de esa web<br \/>\u2022 El sitio web no podr\u00e1 realizar anal\u00edticas web sobre visitantes y tr\u00e1fico en la web, lo que dificultar\u00e1 que la web sea competitiva.<br \/>\u2022 No podr\u00e1 escribir en el blog, no podr\u00e1 subir fotos, publicar comentarios, valorar o puntuar contenidos. La web tampoco podr\u00e1 saber si usted es un humano o una aplicaci\u00f3n automatizada que publica spam.<br \/>\u2022 No se podr\u00e1 mostrar publicidad sectorizada, lo que reducir\u00e1 los ingresos publicitarios de la web.<br \/>\u2022 Todas las redes sociales usan cookies, si las desactiva no podr\u00e1 utilizar ninguna red social.<\/p>\n<p style=\"text-align: left;\"><br \/>Usted puede aceptar o denegar el uso de cookies, pulsando en las siguiente opciones:<br \/>(SE RECOMIENDA QUE EL USUARIO PUEDA ACEPTAR Y MODIFICAR\/ DENEGAR EN CUADROS)<\/p>\n<p style=\"text-align: left;\"><br \/><strong><span style=\"color: #ff6600;\">ELIMINACI\u00d3N DE COOKIES EN LOS NAVEGADORES M\u00c1S POPULARES<\/span><\/strong><\/p>\n<p style=\"text-align: left;\">A continuaci\u00f3n, le indicamos c\u00f3mo acceder a una cookie determinada del navegador Chrome.\u00a0<br \/>Nota: estos pasos pueden variar en funci\u00f3n de la versi\u00f3n del navegador:<br \/>1. Vaya a Configuraci\u00f3n o Preferencias mediante el men\u00fa Archivo o bien pinchando el icono de personalizaci\u00f3n que aparece arriba a la derecha.<br \/>2. Ver\u00e1 diferentes secciones, pinche la opci\u00f3n Mostrar opciones avanzadas.<br \/>3. Vaya a Privacidad, Configuraci\u00f3n de contenido.<br \/>4. Seleccione Todas las cookies y los datos de sitios.<br \/>5. Aparecer\u00e1 un listado con todas las cookies ordenadas por dominio. Para que le sea m\u00e1s f\u00e1cil encontrar las cookies de un determinado dominio introduzca parcial o totalmente la direcci\u00f3n en el campo Buscar cookies.<br \/>6. Tras realizar este filtro aparecer\u00e1n en pantalla una o varias l\u00edneas con las cookies de la web solicitada. Ahora s\u00f3lo tiene que seleccionarla y pulsar la X para proceder a su eliminaci\u00f3n.<\/p>\n<p style=\"text-align: left;\"><em>Para acceder a la configuraci\u00f3n de cookies del navegador Internet Explorer siga estos pasos (pueden variar en funci\u00f3n de la versi\u00f3n del navegador):\u00a0<\/em><br \/>1. Vaya a Herramientas, Opciones de Internet<br \/>2. Haga <em>click<\/em> en Privacidad.<br \/>3. Mueva el deslizador hasta ajustar el nivel de privacidad que desee.<\/p>\n<p style=\"text-align: left;\"><em>Para acceder a la configuraci\u00f3n de cookies del navegador Firefox siga estos pasos (pueden variar en funci\u00f3n de la versi\u00f3n del navegador):\u00a0<\/em><strong> \u00a0 Aceptar cookies\u00a0 \u00a0 \u00a0 \u00a0Modificar\u00a0 \u00a0Configuraci\u00f3n Cookies<\/strong><br \/>1. Vaya a Opciones o Preferencias seg\u00fan su sistema operativo.<br \/>2. Haga <em>click<\/em> en Privacidad.<br \/>3. En Historial elija Usar una configuraci\u00f3n personalizada para el historial.<br \/>4. Ahora ver\u00e1 la opci\u00f3n Aceptar cookies, puede activarla o desactivarla seg\u00fan sus preferencias.<\/p>\n<p style=\"text-align: left;\"><em>Para acceder a la configuraci\u00f3n de cookies del navegador Safari para OSX siga estos pasos (pueden variar en funci\u00f3n de la versi\u00f3n del navegador):<\/em><br \/>1. Vaya a Preferencias, luego Privacidad.<br \/>2. En este lugar ver\u00e1 la opci\u00f3n Bloquear cookies para que ajuste el tipo de bloqueo que\u00a0<br \/>desea realizar.<\/p>\n<p style=\"text-align: left;\"><em>Para acceder a la configuraci\u00f3n de cookies del navegador Safari para iOS siga estos pasos (pueden variar en funci\u00f3n de la versi\u00f3n del navegador):<\/em><br \/>1. Vaya a Ajustes, luego Safari.<br \/>2. Vaya a Privacidad y Seguridad, ver\u00e1 la opci\u00f3n Bloquear cookies para que ajuste el tipo de bloqueo que desea realizar.<\/p>\n<p style=\"text-align: left;\">\u00a0<em>Para acceder a la configuraci\u00f3n de cookies del navegador para dispositivos Android siga estos pasos (pueden variar en funci\u00f3n de la versi\u00f3n del navegador):<\/em><br \/>1. Ejecute el navegador y pulse la tecla Men\u00fa, luego Ajustes.\u00a0<br \/>2. Vaya a Seguridad y Privacidad, ver\u00e1 la opci\u00f3n Aceptar cookies para que active o desactive la casilla.<\/p>\n<p style=\"text-align: left;\"><em>Para acceder a la configuraci\u00f3n de cookies del navegador para dispositivos Windows Phone siga estos pasos (pueden variar en funci\u00f3n de la versi\u00f3n del navegador):<\/em><br \/>1. Abra Internet Explorer, luego M\u00e1s, luego Configuraci\u00f3n<br \/>2. Ahora puede activar o desactivar la casilla Permitir cookies.<\/p>\n<p style=\"text-align: left;\"><em>Revocaci\u00f3n y eliminaci\u00f3n de cookies (por servicio ofrecido)<\/em><br \/>Para optar a no usar las cookies de <em>Google Analytics<\/em>:<br \/>https:\/\/tools.google.com\/dlpage\/gaoptout?hl=es<\/p>\n<p style=\"text-align: left;\"><em>Para optar a no usar las cookies de Adobe Analytics<\/em>: http:\/\/www.adobe.com\/es\/privacy\/optout.html<\/p>\n","protected":false},"excerpt":{"rendered":"<p>POL\u00cdTICA DE COOKIES Utilizamos cookies con el objetivo de prestar un mejor servicio y proporcionarte una mejor experiencia en tu navegaci\u00f3n. Queremos informarte de manera clara y precisa sobre las cookies que utilizamos, detallando a continuaci\u00f3n, qu\u00e9 es una cookie, para qu\u00e9 sirve, qu\u00e9 tipos de cookies utilizamos, cu\u00e1les son su finalidad y c\u00f3mo puedes [&hellip;]<\/p>\n","protected":false},"author":1,"featured_media":0,"parent":0,"menu_order":0,"comment_status":"closed","ping_status":"closed","template":"","meta":{"footnotes":""},"class_list":["post-565","page","type-page","status-publish","czr-hentry"],"_links":{"self":[{"href":"http:\/\/cerramientosjurado.com\/index.php?rest_route=\/wp\/v2\/pages\/565"}],"collection":[{"href":"http:\/\/cerramientosjurado.com\/index.php?rest_route=\/wp\/v2\/pages"}],"about":[{"href":"http:\/\/cerramientosjurado.com\/index.php?rest_route=\/wp\/v2\/types\/page"}],"author":[{"embeddable":true,"href":"http:\/\/cerramientosjurado.com\/index.php?rest_route=\/wp\/v2\/users\/1"}],"replies":[{"embeddable":true,"href":"http:\/\/cerramientosjurado.com\/index.php?rest_route=%2Fwp%2Fv2%2Fcomments&post=565"}],"version-history":[{"count":4,"href":"http:\/\/cerramientosjurado.com\/index.php?rest_route=\/wp\/v2\/pages\/565\/revisions"}],"predecessor-version":[{"id":598,"href":"http:\/\/cerramientosjurado.com\/index.php?rest_route=\/wp\/v2\/pages\/565\/revisions\/598"}],"wp:attachment":[{"href":"http:\/\/cerramientosjurado.com\/index.php?rest_route=%2Fwp%2Fv2%2Fmedia&parent=565"}],"curies":[{"name":"wp","href":"https:\/\/api.w.org\/{rel}","templated":true}]}}