{"id":22,"date":"2016-07-11T07:16:22","date_gmt":"2016-07-11T07:16:22","guid":{"rendered":"http:\/\/cerramientosjurado.com\/wordpress\/?page_id=22"},"modified":"2016-09-19T09:27:51","modified_gmt":"2016-09-19T09:27:51","slug":"mallorquinas","status":"publish","type":"page","link":"http:\/\/cerramientosjurado.com\/?page_id=22","title":{"rendered":"Protecci\u00f3n solar"},"content":{"rendered":"<p style=\"text-align: left;\"><span style=\"text-decoration: underline; font-size: 18pt; color: #ff6600;\"><span style=\"font-family: 'times new roman', times, serif;\"><strong>P\u00c9RGOLA BIOCLIM\u00c1TICA:<\/strong><\/span><\/span><\/p>\n<p>&nbsp;<\/p>\n<div id=\"wrapper\">\n<div id=\"container\">\n<div id=\"experiencia\" class=\"seccion_auto\">\n<div class=\"pergola_txt\">\n<ul>\n<li><span style=\"font-family: 'times new roman', times, serif; font-size: 14pt;\">Lamas orientables de 0\u00ba a 135\u00ba, quedando la cubierta transpirable e impermeable cuando<\/span><br \/>\n<span style=\"font-family: 'times new roman', times, serif; font-size: 14pt;\"> est\u00e1 orientada a 5\u00ba.<\/span><\/li>\n<li><span style=\"font-family: 'times new roman', times, serif; font-size: 14pt;\">Elementos de fijaci\u00f3n y ensamblaje ocultos.<\/span><\/li>\n<li><span style=\"font-family: 'times new roman', times, serif; font-size: 14pt;\">Recogida de aguas pluviales para su reutilizaci\u00f3n.<\/span><\/li>\n<li><span style=\"font-family: 'times new roman', times, serif; font-size: 14pt;\">Sistema de sellado perimetral, contra lluvia transversal.<\/span><\/li>\n<li><span style=\"font-family: 'times new roman', times, serif; font-size: 14pt;\">Sistema antivibraci\u00f3n por viento racheado.<\/span><\/li>\n<li><span style=\"font-family: 'times new roman', times, serif; font-size: 14pt;\">Posibilidad de ampliaci\u00f3n ilimitada de m\u00f3dulos de p\u00e9rgola, dependiendo de la posibilidad de drenaje.<\/span><\/li>\n<\/ul>\n<p>&nbsp;<\/p>\n<p><a href=\"http:\/\/cerramientosjurado.com\/wordpress\/wp-content\/uploads\/2016\/07\/timthumb-2.jpg\"><img loading=\"lazy\" decoding=\"async\" class=\"alignnone wp-image-296 size-full\" src=\"http:\/\/cerramientosjurado.com\/wp-content\/uploads\/2016\/07\/timthumb-2.jpg\" alt=\"timthumb (2)\" width=\"630\" height=\"420\" srcset=\"http:\/\/cerramientosjurado.com\/wp-content\/uploads\/2016\/07\/timthumb-2.jpg 630w, http:\/\/cerramientosjurado.com\/wp-content\/uploads\/2016\/07\/timthumb-2-300x200.jpg 300w\" sizes=\"(max-width: 630px) 100vw, 630px\" \/><\/a><\/p>\n<\/div>\n<\/div>\n<\/div>\n<\/div>\n<p>&nbsp;<\/p>\n<div id=\"wrapper\">\n<div id=\"container\">\n<div id=\"experiencia\" class=\"seccion_auto\">\n<div class=\"pergola_txt\">\n<p><a href=\"http:\/\/cerramientosjurado.com\/wordpress\/wp-content\/uploads\/2016\/07\/timthumb.jpg\">\u00a0<\/a><a href=\"http:\/\/cerramientosjurado.com\/wp-content\/uploads\/2016\/07\/timthumb.jpg\"><img loading=\"lazy\" decoding=\"async\" class=\"wp-image-281 size-medium alignnone\" src=\"http:\/\/cerramientosjurado.com\/wp-content\/uploads\/2016\/07\/timthumb-300x200.jpg\" alt=\"\" width=\"300\" height=\"200\" srcset=\"http:\/\/cerramientosjurado.com\/wp-content\/uploads\/2016\/07\/timthumb-300x200.jpg 300w, http:\/\/cerramientosjurado.com\/wp-content\/uploads\/2016\/07\/timthumb.jpg 306w\" sizes=\"(max-width: 300px) 100vw, 300px\" \/><\/a>\u00a0 \u00a0 \u00a0 \u00a0<a href=\"http:\/\/cerramientosjurado.com\/wp-content\/uploads\/2016\/07\/images.jpg\"><img loading=\"lazy\" decoding=\"async\" class=\"wp-image-279  alignnone\" src=\"http:\/\/cerramientosjurado.com\/wp-content\/uploads\/2016\/07\/images.jpg\" alt=\"\" width=\"302\" height=\"202\" \/><\/a><\/p>\n<p>&nbsp;<\/p>\n<\/div>\n<\/div>\n<\/div>\n<\/div>\n<p>&nbsp;<\/p>\n<p>&nbsp;<\/p>\n<hr \/>\n<p>&nbsp;<\/p>\n<p><span style=\"text-decoration: underline; color: #ff6600;\"><span style=\"font-size: 18pt; font-family: 'times new roman', times, serif;\"><strong>MALLORQUINAS:<\/strong><\/span><\/span><\/p>\n<ul>\n<li><span style=\"font-family: 'times new roman', times, serif; font-size: 14pt;\">Lamas regulables o fijas en PVC o aluminio.<\/span><\/li>\n<li><span style=\"font-family: 'times new roman', times, serif; font-size: 14pt;\">Amplia variedad de acabados.<\/span><\/li>\n<\/ul>\n<p>&nbsp;<\/p>\n<p><a href=\"http:\/\/cerramientosjurado.com\/wp-content\/uploads\/2016\/07\/Lamellen-beweglich-5.jpg\"><img loading=\"lazy\" decoding=\"async\" class=\"alignnone wp-image-271 size-medium\" src=\"http:\/\/cerramientosjurado.com\/wp-content\/uploads\/2016\/07\/Lamellen-beweglich-5-300x300.jpg\" alt=\"\" width=\"300\" height=\"300\" srcset=\"http:\/\/cerramientosjurado.com\/wp-content\/uploads\/2016\/07\/Lamellen-beweglich-5-300x300.jpg 300w, http:\/\/cerramientosjurado.com\/wp-content\/uploads\/2016\/07\/Lamellen-beweglich-5-150x150.jpg 150w, http:\/\/cerramientosjurado.com\/wp-content\/uploads\/2016\/07\/Lamellen-beweglich-5-1024x1024.jpg 1024w\" sizes=\"(max-width: 300px) 100vw, 300px\" \/><\/a>\u00a0 \u00a0 \u00a0 \u00a0 \u00a0\u00a0<a href=\"http:\/\/cerramientosjurado.com\/wp-content\/uploads\/2016\/07\/Lamellen-beweglich-6-e1474226332614.jpg\"><img loading=\"lazy\" decoding=\"async\" class=\"size-medium wp-image-273 alignnone\" src=\"http:\/\/cerramientosjurado.com\/wp-content\/uploads\/2016\/07\/Lamellen-beweglich-6-290x300.jpg\" alt=\"Lamellen beweglich 6\" width=\"290\" height=\"300\" \/><\/a><\/p>\n<p>&nbsp;<\/p>\n<p>&nbsp;<\/p>\n<p>&nbsp;<\/p>\n<p><a href=\"http:\/\/cerramientosjurado.com\/wp-content\/uploads\/2016\/07\/20160817_093323.jpg\"><img loading=\"lazy\" decoding=\"async\" class=\"alignnone wp-image-274 size-medium\" src=\"http:\/\/cerramientosjurado.com\/wp-content\/uploads\/2016\/07\/20160817_093323-225x300.jpg\" alt=\"20160817_093323\" width=\"225\" height=\"300\" srcset=\"http:\/\/cerramientosjurado.com\/wp-content\/uploads\/2016\/07\/20160817_093323-225x300.jpg 225w, http:\/\/cerramientosjurado.com\/wp-content\/uploads\/2016\/07\/20160817_093323-768x1024.jpg 768w, http:\/\/cerramientosjurado.com\/wp-content\/uploads\/2016\/07\/20160817_093323.jpg 1536w\" sizes=\"(max-width: 225px) 100vw, 225px\" \/><\/a>\u00a0 \u00a0 \u00a0 \u00a0 \u00a0 \u00a0 \u00a0 \u00a0 \u00a0\u00a0<a href=\"http:\/\/cerramientosjurado.com\/wp-content\/uploads\/2016\/07\/20160817_093400.jpg\"><img loading=\"lazy\" decoding=\"async\" class=\"alignnone wp-image-275 size-medium\" src=\"http:\/\/cerramientosjurado.com\/wp-content\/uploads\/2016\/07\/20160817_093400-225x300.jpg\" alt=\"20160817_093400\" width=\"225\" height=\"300\" srcset=\"http:\/\/cerramientosjurado.com\/wp-content\/uploads\/2016\/07\/20160817_093400-225x300.jpg 225w, http:\/\/cerramientosjurado.com\/wp-content\/uploads\/2016\/07\/20160817_093400-768x1024.jpg 768w, http:\/\/cerramientosjurado.com\/wp-content\/uploads\/2016\/07\/20160817_093400.jpg 1536w\" sizes=\"(max-width: 225px) 100vw, 225px\" \/><\/a>\u00a0 \u00a0 \u00a0 \u00a0 \u00a0 \u00a0<a href=\"http:\/\/cerramientosjurado.com\/wp-content\/uploads\/2016\/07\/20160817_093420.jpg\"><img loading=\"lazy\" decoding=\"async\" class=\"alignnone wp-image-276 size-medium\" src=\"http:\/\/cerramientosjurado.com\/wp-content\/uploads\/2016\/07\/20160817_093420-225x300.jpg\" alt=\"20160817_093420\" width=\"225\" height=\"300\" srcset=\"http:\/\/cerramientosjurado.com\/wp-content\/uploads\/2016\/07\/20160817_093420-225x300.jpg 225w, http:\/\/cerramientosjurado.com\/wp-content\/uploads\/2016\/07\/20160817_093420-768x1024.jpg 768w, http:\/\/cerramientosjurado.com\/wp-content\/uploads\/2016\/07\/20160817_093420.jpg 1536w\" sizes=\"(max-width: 225px) 100vw, 225px\" \/><\/a><\/p>\n<p>&nbsp;<\/p>\n<p>&nbsp;<\/p>\n<hr \/>\n<hr \/>\n<p>&nbsp;<\/p>\n<p><span style=\"text-decoration: underline; color: #ff6600;\"><span style=\"font-family: 'times new roman', times, serif; font-size: 18pt;\"><strong>CELOS\u00cdAS DE ALUMINIO:<\/strong><\/span><\/span><\/p>\n<ul>\n<li><span style=\"font-family: 'times new roman', times, serif; font-size: 14pt;\">Lamas fijas o regulables.<\/span><\/li>\n<li><span style=\"font-family: 'times new roman', times, serif; font-size: 14pt;\">Diferentes tipos de lamas y acabados a elecci\u00f3n del cliente.<\/span><\/li>\n<\/ul>\n<p>&nbsp;<\/p>\n<p><a href=\"http:\/\/cerramientosjurado.com\/wordpress\/wp-content\/uploads\/2016\/08\/20160816_152048.jpg\"><img loading=\"lazy\" decoding=\"async\" class=\"alignnone wp-image-243 size-medium\" src=\"http:\/\/cerramientosjurado.com\/wp-content\/uploads\/2016\/08\/20160816_152048-225x300.jpg\" alt=\"20160816_152048\" width=\"225\" height=\"300\" srcset=\"http:\/\/cerramientosjurado.com\/wp-content\/uploads\/2016\/08\/20160816_152048-225x300.jpg 225w, http:\/\/cerramientosjurado.com\/wp-content\/uploads\/2016\/08\/20160816_152048-768x1024.jpg 768w, http:\/\/cerramientosjurado.com\/wp-content\/uploads\/2016\/08\/20160816_152048.jpg 1536w\" sizes=\"(max-width: 225px) 100vw, 225px\" \/><\/a>\u00a0 \u00a0 \u00a0 \u00a0 \u00a0 \u00a0 \u00a0 \u00a0 \u00a0<a href=\"http:\/\/cerramientosjurado.com\/wordpress\/wp-content\/uploads\/2016\/08\/20160816_152005.jpg\"><img loading=\"lazy\" decoding=\"async\" class=\"alignnone wp-image-242 size-medium\" src=\"http:\/\/cerramientosjurado.com\/wp-content\/uploads\/2016\/08\/20160816_152005-225x300.jpg\" alt=\"20160816_152005\" width=\"225\" height=\"300\" srcset=\"http:\/\/cerramientosjurado.com\/wp-content\/uploads\/2016\/08\/20160816_152005-225x300.jpg 225w, http:\/\/cerramientosjurado.com\/wp-content\/uploads\/2016\/08\/20160816_152005-768x1024.jpg 768w, http:\/\/cerramientosjurado.com\/wp-content\/uploads\/2016\/08\/20160816_152005.jpg 1536w\" sizes=\"(max-width: 225px) 100vw, 225px\" \/><\/a>\u00a0 \u00a0 \u00a0 \u00a0 \u00a0 \u00a0\u00a0<a href=\"http:\/\/cerramientosjurado.com\/wordpress\/wp-content\/uploads\/2016\/08\/20160816_151957.jpg\"><img loading=\"lazy\" decoding=\"async\" class=\"alignnone wp-image-241 size-medium\" src=\"http:\/\/cerramientosjurado.com\/wp-content\/uploads\/2016\/08\/20160816_151957-225x300.jpg\" alt=\"20160816_151957\" width=\"225\" height=\"300\" srcset=\"http:\/\/cerramientosjurado.com\/wp-content\/uploads\/2016\/08\/20160816_151957-225x300.jpg 225w, http:\/\/cerramientosjurado.com\/wp-content\/uploads\/2016\/08\/20160816_151957-768x1024.jpg 768w, http:\/\/cerramientosjurado.com\/wp-content\/uploads\/2016\/08\/20160816_151957.jpg 1536w\" sizes=\"(max-width: 225px) 100vw, 225px\" \/><\/a><\/p>\n<hr \/>\n<hr \/>\n<p>&nbsp;<\/p>\n<p><span style=\"text-decoration: underline;\"><strong><span style=\"font-family: 'times new roman', times, serif; font-size: 18pt; color: #ff6600; text-decoration: underline;\">TOLDOS:<\/span><\/strong><\/span><\/p>\n<ul style=\"list-style-type: square;\">\n<li><span style=\"font-family: 'times new roman', times, serif; font-size: 14pt;\">Punto recto.<\/span><\/li>\n<li><span style=\"font-family: 'times new roman', times, serif; font-size: 14pt;\">Paliller\u00eda.<\/span><\/li>\n<li><span style=\"font-family: 'times new roman', times, serif; font-size: 14pt;\">Capotas.<\/span><\/li>\n<\/ul>\n<p><a href=\"http:\/\/cerramientosjurado.com\/wp-content\/uploads\/2016\/07\/page2.jpg\"><img loading=\"lazy\" decoding=\"async\" class=\"alignleft wp-image-382 size-medium\" src=\"http:\/\/cerramientosjurado.com\/wp-content\/uploads\/2016\/07\/page2-300x300.jpg\" alt=\"\" width=\"300\" height=\"300\" srcset=\"http:\/\/cerramientosjurado.com\/wp-content\/uploads\/2016\/07\/page2-300x300.jpg 300w, http:\/\/cerramientosjurado.com\/wp-content\/uploads\/2016\/07\/page2-150x150.jpg 150w, http:\/\/cerramientosjurado.com\/wp-content\/uploads\/2016\/07\/page2.jpg 400w\" sizes=\"(max-width: 300px) 100vw, 300px\" \/><\/a><\/p>\n<p>&nbsp;<\/p>\n<p>&nbsp;<\/p>\n","protected":false},"excerpt":{"rendered":"<p>P\u00c9RGOLA BIOCLIM\u00c1TICA: &nbsp; Lamas orientables de 0\u00ba a 135\u00ba, quedando la cubierta transpirable e impermeable cuando est\u00e1 orientada a 5\u00ba. Elementos de fijaci\u00f3n y ensamblaje ocultos. Recogida de aguas pluviales para su reutilizaci\u00f3n. Sistema de sellado perimetral, contra lluvia transversal. Sistema antivibraci\u00f3n por viento racheado. Posibilidad de ampliaci\u00f3n ilimitada de m\u00f3dulos de p\u00e9rgola, dependiendo de [&hellip;]<\/p>\n","protected":false},"author":1,"featured_media":0,"parent":0,"menu_order":0,"comment_status":"closed","ping_status":"closed","template":"","meta":{"footnotes":""},"class_list":["post-22","page","type-page","status-publish","czr-hentry"],"_links":{"self":[{"href":"http:\/\/cerramientosjurado.com\/index.php?rest_route=\/wp\/v2\/pages\/22"}],"collection":[{"href":"http:\/\/cerramientosjurado.com\/index.php?rest_route=\/wp\/v2\/pages"}],"about":[{"href":"http:\/\/cerramientosjurado.com\/index.php?rest_route=\/wp\/v2\/types\/page"}],"author":[{"embeddable":true,"href":"http:\/\/cerramientosjurado.com\/index.php?rest_route=\/wp\/v2\/users\/1"}],"replies":[{"embeddable":true,"href":"http:\/\/cerramientosjurado.com\/index.php?rest_route=%2Fwp%2Fv2%2Fcomments&post=22"}],"version-history":[{"count":60,"href":"http:\/\/cerramientosjurado.com\/index.php?rest_route=\/wp\/v2\/pages\/22\/revisions"}],"predecessor-version":[{"id":402,"href":"http:\/\/cerramientosjurado.com\/index.php?rest_route=\/wp\/v2\/pages\/22\/revisions\/402"}],"wp:attachment":[{"href":"http:\/\/cerramientosjurado.com\/index.php?rest_route=%2Fwp%2Fv2%2Fmedia&parent=22"}],"curies":[{"name":"wp","href":"https:\/\/api.w.org\/{rel}","templated":true}]}}