{"id":14,"date":"2016-07-11T07:15:13","date_gmt":"2016-07-11T07:15:13","guid":{"rendered":"http:\/\/cerramientosjurado.com\/wordpress\/?page_id=14"},"modified":"2022-11-30T14:40:03","modified_gmt":"2022-11-30T14:40:03","slug":"productos","status":"publish","type":"page","link":"http:\/\/cerramientosjurado.com\/?page_id=14","title":{"rendered":"PRODUCTOS"},"content":{"rendered":"<p style=\"text-align: center;\"><span style=\"font-family: 'times new roman', times, serif; font-size: 18pt;\"><span style=\"text-decoration: underline;\"><span style=\"color: #ff0000;\"><strong><span style=\"color: #ff6600; text-decoration: underline;\">SISTEMAS DE PVC<\/span><\/strong><\/span><\/span><\/span><\/p>\n<p style=\"text-align: left;\"><span style=\"font-family: georgia, palatino, serif; font-size: 14pt;\">Las ventanas de PVC disponen de todas las caracter\u00edsticas de calidad superior que ofrecen ventanas para toda una vida. \u00c9stas forman una s\u00edntesis ideal de belleza y funcionalidad, son resistentes a las diversas condiciones clim\u00e1ticas, no necesitan mantenimiento y una sencilla limpieza. <\/span><\/p>\n<p style=\"text-align: left;\"><span style=\"font-family: georgia, palatino, serif; font-size: 14pt;\">Observar\u00e1 que el paso del tiempo no afectar\u00e1 al aspecto de estas, ya que aunque pasen los a\u00f1os se mantienen como el primer d\u00eda.<\/span><\/p>\n<p style=\"text-align: left;\"><span style=\"font-family: georgia, palatino, serif; font-size: 14pt;\">Disponemos de una amplia gama de colores tanto en acrilcolor, foleados en madera y unifolios.<\/span><\/p>\n<hr \/>\n<p style=\"text-align: center;\"><span style=\"font-family: 'times new roman', times, serif; font-size: 18pt;\"><span style=\"color: #ff0000;\"><strong><span style=\"text-decoration: underline;\"><span style=\"color: #ff6600; text-decoration: underline;\">SISTEMAS DE ALUMINIO<\/span><\/span>\u00a0<\/strong><\/span><\/span><\/p>\n<p><span style=\"font-family: 'times new roman', times, serif; font-size: 14pt;\">Las ventanas de aluminio ofrecen diversas opciones que le permitir\u00e1n elegir entre un gran n\u00famero de perfiler\u00edas de aluminio, ya que disponemos desde aluminios de alta calidad como roturas de puente t\u00e9rmico hasta aluminios en series fr\u00edas. Adem\u00e1s, la amplia gama de colores y acabados (lacados, anodizados, imitaci\u00f3n madera, bicolor, etc) le permitir\u00e1 dar el toque que tanto le gusta a su hogar.\u00a0<\/span><\/p>\n<p><span style=\"font-family: 'times new roman', times, serif; font-size: 14pt;\">Tanto si su vivienda se encuentra en la playa como en la monta\u00f1a, nuestro aluminio es resistente a la corrosi\u00f3n evitando que se produzca su deterioro con el paso del tiempo.<\/span><\/p>\n<hr \/>\n<p><span style=\"font-family: georgia, palatino, serif; font-size: 18pt;\"><strong><span style=\"color: #ff6600;\">En Cerramientos Jurado<\/span><\/strong> le aconsejaremos, sin compromiso, cu\u00e1l es la mejor alternativa seg\u00fan sus necesidades y gustos.<\/span><\/p>\n","protected":false},"excerpt":{"rendered":"<p>SISTEMAS DE PVC Las ventanas de PVC disponen de todas las caracter\u00edsticas de calidad superior que ofrecen ventanas para toda una vida. \u00c9stas forman una s\u00edntesis ideal de belleza y funcionalidad, son resistentes a las diversas condiciones clim\u00e1ticas, no necesitan mantenimiento y una sencilla limpieza. Observar\u00e1 que el paso del tiempo no afectar\u00e1 al aspecto [&hellip;]<\/p>\n","protected":false},"author":1,"featured_media":0,"parent":0,"menu_order":0,"comment_status":"closed","ping_status":"closed","template":"","meta":{"footnotes":""},"class_list":["post-14","page","type-page","status-publish","czr-hentry"],"_links":{"self":[{"href":"http:\/\/cerramientosjurado.com\/index.php?rest_route=\/wp\/v2\/pages\/14"}],"collection":[{"href":"http:\/\/cerramientosjurado.com\/index.php?rest_route=\/wp\/v2\/pages"}],"about":[{"href":"http:\/\/cerramientosjurado.com\/index.php?rest_route=\/wp\/v2\/types\/page"}],"author":[{"embeddable":true,"href":"http:\/\/cerramientosjurado.com\/index.php?rest_route=\/wp\/v2\/users\/1"}],"replies":[{"embeddable":true,"href":"http:\/\/cerramientosjurado.com\/index.php?rest_route=%2Fwp%2Fv2%2Fcomments&post=14"}],"version-history":[{"count":12,"href":"http:\/\/cerramientosjurado.com\/index.php?rest_route=\/wp\/v2\/pages\/14\/revisions"}],"predecessor-version":[{"id":554,"href":"http:\/\/cerramientosjurado.com\/index.php?rest_route=\/wp\/v2\/pages\/14\/revisions\/554"}],"wp:attachment":[{"href":"http:\/\/cerramientosjurado.com\/index.php?rest_route=%2Fwp%2Fv2%2Fmedia&parent=14"}],"curies":[{"name":"wp","href":"https:\/\/api.w.org\/{rel}","templated":true}]}}