{"id":12,"date":"2016-07-11T07:15:02","date_gmt":"2016-07-11T07:15:02","guid":{"rendered":"http:\/\/cerramientosjurado.com\/wordpress\/?page_id=12"},"modified":"2020-11-26T09:01:12","modified_gmt":"2020-11-26T09:01:12","slug":"empresa","status":"publish","type":"page","link":"http:\/\/cerramientosjurado.com\/?page_id=12","title":{"rendered":"EMPRESA"},"content":{"rendered":"<p style=\"text-align: left;\"><a href=\"http:\/\/cerramientosjurado.com\/wp-content\/uploads\/2016\/07\/nave.gif\"><img loading=\"lazy\" decoding=\"async\" class=\"wp-image-158 alignright\" src=\"http:\/\/cerramientosjurado.com\/wp-content\/uploads\/2016\/07\/nave.gif\" alt=\"\" width=\"184\" height=\"257\" \/><\/a><\/p>\n<p><span style=\"font-family: georgia, palatino, serif; font-size: 14pt;\"><strong>En Cerramientos Jurado, S.L<\/strong>. contamos con m\u00e1s de 20 a\u00f1os de experiencia en la fabricaci\u00f3n de puertas, ventanas y cerramientos tanto en PVC como en aluminio, ofrecemos una respuesta \u00e1gil y eficaz para ayudarle a resolver sus necesidades.<\/span><\/p>\n<p><span style=\"font-family: georgia, palatino, serif; font-size: 14pt;\">Somos flexibles en nuestro trabajo pero r\u00edgidos con la calidad. Nuestro trabajo tiene como objetivo ofrecer\u00a0una respuesta a sus requerimientos, poniendo a su alcance todos los medios de los que disponemos y proporcionarle as\u00ed el servicio que se merece. Porque esa es nuestra finalidad, dar el mejor servicio posible.<\/span><\/p>\n<p><span style=\"font-family: georgia, palatino, serif; font-size: 14pt;\">La relaci\u00f3n calidad-precio es esencial, por ello trabajamos con productos de primera calidad, que ofrecen unas propiedades a sus ventanas que las har\u00e1n duraderas en el tiempo. Por ello, nos esforzamos para que nuestros productos sean competitivos en precios sin escatimar en calidad.<\/span><\/p>\n","protected":false},"excerpt":{"rendered":"<p>En Cerramientos Jurado, S.L. contamos con m\u00e1s de 20 a\u00f1os de experiencia en la fabricaci\u00f3n de puertas, ventanas y cerramientos tanto en PVC como en aluminio, ofrecemos una respuesta \u00e1gil y eficaz para ayudarle a resolver sus necesidades. Somos flexibles en nuestro trabajo pero r\u00edgidos con la calidad. Nuestro trabajo tiene como objetivo ofrecer\u00a0una respuesta [&hellip;]<\/p>\n","protected":false},"author":1,"featured_media":0,"parent":0,"menu_order":0,"comment_status":"closed","ping_status":"closed","template":"","meta":{"footnotes":""},"class_list":["post-12","page","type-page","status-publish","czr-hentry"],"_links":{"self":[{"href":"http:\/\/cerramientosjurado.com\/index.php?rest_route=\/wp\/v2\/pages\/12"}],"collection":[{"href":"http:\/\/cerramientosjurado.com\/index.php?rest_route=\/wp\/v2\/pages"}],"about":[{"href":"http:\/\/cerramientosjurado.com\/index.php?rest_route=\/wp\/v2\/types\/page"}],"author":[{"embeddable":true,"href":"http:\/\/cerramientosjurado.com\/index.php?rest_route=\/wp\/v2\/users\/1"}],"replies":[{"embeddable":true,"href":"http:\/\/cerramientosjurado.com\/index.php?rest_route=%2Fwp%2Fv2%2Fcomments&post=12"}],"version-history":[{"count":12,"href":"http:\/\/cerramientosjurado.com\/index.php?rest_route=\/wp\/v2\/pages\/12\/revisions"}],"predecessor-version":[{"id":524,"href":"http:\/\/cerramientosjurado.com\/index.php?rest_route=\/wp\/v2\/pages\/12\/revisions\/524"}],"wp:attachment":[{"href":"http:\/\/cerramientosjurado.com\/index.php?rest_route=%2Fwp%2Fv2%2Fmedia&parent=12"}],"curies":[{"name":"wp","href":"https:\/\/api.w.org\/{rel}","templated":true}]}}